{"id":4978,"date":"2020-11-14T19:26:21","date_gmt":"2020-11-14T19:26:21","guid":{"rendered":"http:\/\/docescandeias.pt\/?post_type=product&#038;p=4978"},"modified":"2021-05-11T15:34:55","modified_gmt":"2021-05-11T14:34:55","slug":"doce-de-abobora-e-nozes","status":"publish","type":"product","link":"http:\/\/docescandeias.pt\/en\/product\/doce-de-abobora-e-nozes\/","title":{"rendered":"Doce de Ab\u00f3bora &#038; Nozes"},"content":{"rendered":"<p><strong>Ingredientes:<\/strong> Ab\u00f3bora, A\u00e7\u00facar, <strong>Miolo de Noz,<\/strong> Gelificante (Pectina), Regulador Acidez (\u00c1cido Citrico), Canela.<\/p>\n<p>&nbsp;<\/p>\n<p><strong>Informa\u00e7\u00e3o Nutricional<\/strong><\/p>\n<table style=\"height: 215px;\" width=\"380\">\n<tbody>\n<tr>\n<td width=\"241\"><\/td>\n<td width=\"241\">POR 100 g<\/td>\n<\/tr>\n<tr>\n<td width=\"241\">ENERGIA\u00a0\u00a0 kcal<\/td>\n<td width=\"241\"><strong>217<\/strong><\/td>\n<\/tr>\n<tr>\n<td width=\"241\">\u00a0\u00a0\u00a0\u00a0\u00a0\u00a0\u00a0\u00a0\u00a0\u00a0\u00a0\u00a0\u00a0\u00a0\u00a0\u00a0\u00a0\u00a0\u00a0\u00a0 kJ<\/td>\n<td width=\"241\"><strong>909<\/strong><\/td>\n<\/tr>\n<tr>\n<td width=\"241\">HIDRATOS DE CARBONO<\/td>\n<td width=\"241\"><strong>53,22<\/strong><\/td>\n<\/tr>\n<tr>\n<td width=\"241\">DOS QUAIS A\u00c7\u00daCARES<\/td>\n<td width=\"241\"><strong>44,49<\/strong><\/td>\n<\/tr>\n<tr>\n<td width=\"241\">L\u00cdPIDOS<\/td>\n<td width=\"241\"><strong>0,01<\/strong><\/td>\n<\/tr>\n<tr>\n<td width=\"241\">DOS QUAIS SATURADOS<\/td>\n<td width=\"241\"><strong>&lt;0,01<\/strong><\/td>\n<\/tr>\n<tr>\n<td width=\"241\">FIBRA<\/td>\n<td width=\"241\"><strong>0,86<\/strong><\/td>\n<\/tr>\n<tr>\n<td width=\"241\">PROTE\u00cdNAS<\/td>\n<td width=\"241\"><strong>0,64<\/strong><\/td>\n<\/tr>\n<tr>\n<td width=\"241\">S\u00d3DIO<\/td>\n<td width=\"241\"><strong>&lt; 0,1<\/strong><\/td>\n<\/tr>\n<\/tbody>\n<\/table>\n<p>&nbsp;<\/p>\n<p><strong>Tamanhos dispon\u00edveis:<\/strong> 250 gr<\/p>\n<p><strong>Validade:<\/strong> Aproximadamente 910 dias<\/p>\n<p><strong>Modo de conserva\u00e7\u00e3o:<\/strong> Conservar em local seco e fresco<\/p>\n<p><strong>Consumidores de risco:<\/strong> Pode ser consumido sem restri\u00e7\u00f5es<\/p>\n<p><strong>Embalagem<\/strong><br \/>\n&#8211; Peso Liquido: 250 gr<br \/>\n&#8211; Unidades por caixa: 12<\/p>\n<p>As quantidades de produtos dispon\u00edveis variam consoante as \u00e9pocas de produ\u00e7\u00e3o, as caracter\u00edsticas dos frutos e a disponibilidade dos mesmos.<\/p>\n<p>&nbsp;<\/p>","protected":false},"excerpt":{"rendered":"<p>Bastante apreciado pela suavidade da sua do\u00e7ura e persist\u00eancia no paladar, relembra sabores que ficam na mem\u00f3ria de quem o consome.<\/p>\n<p>Levemente envolvido com Nozes, provenientes da margem esquerda do guadiana, o doce de Ab\u00f3bora &amp; Nozes <em>DOCES CANDEIAS<\/em> \u00e9 Ideal para o pequeno-almo\u00e7o ou refei\u00e7\u00f5es ligeiras, barrado em torradas ou como sobremesa acompanhado com queijo fresco ou requeij\u00e3o. Arrisque degust\u00e1-lo junto com carnes curadas e fumadas.<\/p>","protected":false},"featured_media":5286,"template":"","meta":[],"product_cat":[138],"product_tag":[],"class_list":{"0":"post-4978","1":"product","2":"type-product","3":"status-publish","4":"has-post-thumbnail","6":"product_cat-doces-e-marmelada","8":"first","9":"instock","10":"taxable","11":"shipping-taxable","12":"product-type-simple"},"jetpack_sharing_enabled":true,"_links":{"self":[{"href":"http:\/\/docescandeias.pt\/en\/wp-json\/wp\/v2\/product\/4978","targetHints":{"allow":["GET"]}}],"collection":[{"href":"http:\/\/docescandeias.pt\/en\/wp-json\/wp\/v2\/product"}],"about":[{"href":"http:\/\/docescandeias.pt\/en\/wp-json\/wp\/v2\/types\/product"}],"wp:featuredmedia":[{"embeddable":true,"href":"http:\/\/docescandeias.pt\/en\/wp-json\/wp\/v2\/media\/5286"}],"wp:attachment":[{"href":"http:\/\/docescandeias.pt\/en\/wp-json\/wp\/v2\/media?parent=4978"}],"wp:term":[{"taxonomy":"product_cat","embeddable":true,"href":"http:\/\/docescandeias.pt\/en\/wp-json\/wp\/v2\/product_cat?post=4978"},{"taxonomy":"product_tag","embeddable":true,"href":"http:\/\/docescandeias.pt\/en\/wp-json\/wp\/v2\/product_tag?post=4978"}],"curies":[{"name":"wp","href":"https:\/\/api.w.org\/{rel}","templated":true}]}}