{"id":4991,"date":"2020-10-09T19:32:58","date_gmt":"2020-10-09T19:32:58","guid":{"rendered":"http:\/\/docescandeias.pt\/?post_type=product&#038;p=4991"},"modified":"2021-04-05T17:24:20","modified_gmt":"2021-04-05T16:24:20","slug":"doce-de-gamba-e-nozes","status":"publish","type":"product","link":"http:\/\/docescandeias.pt\/en\/product\/doce-de-gamba-e-nozes\/","title":{"rendered":"Doce Extra de Gamboa &#038; Nozes"},"content":{"rendered":"<p><strong>Ingredientes:<\/strong> Gamboa, A\u00e7\u00facar, <strong>Miolo de Noz<\/strong>.<\/p>\n<p>&nbsp;<\/p>\n<p><strong>Informa\u00e7\u00e3o Nutricional<\/strong><\/p>\n<table style=\"height: 215px;\" width=\"654\">\n<tbody>\n<tr>\n<td width=\"240\"><\/td>\n<td width=\"240\">POR 100 g<\/td>\n<\/tr>\n<tr>\n<td width=\"240\">Valor Energ\u00e9tico\u00a0\u00a0\u00a0\u00a0\u00a0\u00a0\u00a0\u00a0 kcal<\/td>\n<td width=\"240\"><strong>217<\/strong><\/td>\n<\/tr>\n<tr>\n<td width=\"240\">\u00a0\u00a0\u00a0\u00a0\u00a0\u00a0\u00a0\u00a0\u00a0\u00a0\u00a0\u00a0\u00a0\u00a0\u00a0\u00a0\u00a0\u00a0\u00a0\u00a0\u00a0\u00a0\u00a0\u00a0\u00a0\u00a0\u00a0\u00a0\u00a0\u00a0\u00a0\u00a0\u00a0\u00a0\u00a0\u00a0\u00a0\u00a0\u00a0\u00a0\u00a0\u00a0 kJ<\/td>\n<td width=\"240\"><strong>909<\/strong><\/td>\n<\/tr>\n<tr>\n<td width=\"240\">HIDRATOS DE CARBONO<\/td>\n<td width=\"240\"><strong>52,31<\/strong><\/td>\n<\/tr>\n<tr>\n<td width=\"240\">DOS QUAIS A\u00c7\u00daCARES<\/td>\n<td width=\"240\"><strong>40,07<\/strong><\/td>\n<\/tr>\n<tr>\n<td width=\"240\">L\u00cdPIDOS<\/td>\n<td width=\"240\"><strong>0,01<\/strong><\/td>\n<\/tr>\n<tr>\n<td width=\"240\">DOS QUAIS SATURADOS<\/td>\n<td width=\"240\"><strong>&lt;0,01<\/strong><\/td>\n<\/tr>\n<tr>\n<td width=\"240\">FIBRA<\/td>\n<td width=\"240\"><strong>2,21<\/strong><\/td>\n<\/tr>\n<tr>\n<td width=\"240\">PROTE\u00cdNAS<\/td>\n<td width=\"240\"><strong>0,92<\/strong><\/td>\n<\/tr>\n<tr>\n<td width=\"240\">S\u00d3DIO<\/td>\n<td width=\"240\"><strong>0,00<\/strong><\/td>\n<\/tr>\n<\/tbody>\n<\/table>\n<p>&nbsp;<\/p>\n<p><strong>Tamanhos dispon\u00edveis:<\/strong> 250 gr<\/p>\n<p><strong>Validade:<\/strong> Aproximadamente 910 dias<\/p>\n<p><strong>Modo de conserva\u00e7\u00e3o:<\/strong> Conservar em local seco e fresco<\/p>\n<p><strong>Consumidores de risco:<\/strong> Pode ser consumido sem restri\u00e7\u00f5es<\/p>\n<p><strong>Embalagem<\/strong><br \/>\n&#8211; Peso Liquido: 250 gr<br \/>\n&#8211; Unidades por caixa: 12<\/p>\n<p>As quantidades de produtos dispon\u00edveis variam consoante as \u00e9pocas de produ\u00e7\u00e3o, as caracter\u00edsticas dos frutos e a disponibilidade dos mesmos.<\/p>\n<p>&nbsp;<\/p>","protected":false},"excerpt":{"rendered":"<p>Uma compota de textura homog\u00e9nea e de sabor agrad\u00e1vel, combina a gamboa, tradicionalmente produzida no Alentejo com as nozes, provenientes da margem esquerda do guadiana. A compota de Gamboa &amp; Nozes <em>DOCES CANDEIAS<\/em> \u00e9 Ideal para o pequeno-almo\u00e7o ou refei\u00e7\u00f5es ligeiras, barrado em torradas ou como sobremesa acompanhado com queijo fresco ou requeij\u00e3o.<\/p>","protected":false},"featured_media":5309,"template":"","meta":[],"product_cat":[138],"product_tag":[],"class_list":{"0":"post-4991","1":"product","2":"type-product","3":"status-publish","4":"has-post-thumbnail","6":"product_cat-doces-e-marmelada","8":"first","9":"instock","10":"taxable","11":"shipping-taxable","12":"product-type-simple"},"jetpack_sharing_enabled":true,"_links":{"self":[{"href":"http:\/\/docescandeias.pt\/en\/wp-json\/wp\/v2\/product\/4991","targetHints":{"allow":["GET"]}}],"collection":[{"href":"http:\/\/docescandeias.pt\/en\/wp-json\/wp\/v2\/product"}],"about":[{"href":"http:\/\/docescandeias.pt\/en\/wp-json\/wp\/v2\/types\/product"}],"wp:featuredmedia":[{"embeddable":true,"href":"http:\/\/docescandeias.pt\/en\/wp-json\/wp\/v2\/media\/5309"}],"wp:attachment":[{"href":"http:\/\/docescandeias.pt\/en\/wp-json\/wp\/v2\/media?parent=4991"}],"wp:term":[{"taxonomy":"product_cat","embeddable":true,"href":"http:\/\/docescandeias.pt\/en\/wp-json\/wp\/v2\/product_cat?post=4991"},{"taxonomy":"product_tag","embeddable":true,"href":"http:\/\/docescandeias.pt\/en\/wp-json\/wp\/v2\/product_tag?post=4991"}],"curies":[{"name":"wp","href":"https:\/\/api.w.org\/{rel}","templated":true}]}}