{"id":5200,"date":"2020-09-13T21:37:42","date_gmt":"2020-09-13T20:37:42","guid":{"rendered":"http:\/\/docescandeias.pt\/?post_type=product&#038;p=5200"},"modified":"2024-07-17T16:17:46","modified_gmt":"2024-07-17T15:17:46","slug":"doce-de-alfarroba","status":"publish","type":"product","link":"http:\/\/docescandeias.pt\/en\/product\/doce-de-alfarroba\/","title":{"rendered":"Doce de Alfarroba"},"content":{"rendered":"<p>Doce de fruta para utiliza\u00e7\u00e3o direta nos produtos, com elevado teor de fruta percet\u00edvel e homogeneamente distribu\u00edda.<\/p>\n<p>Recheios longa dura\u00e7\u00e3o (baixa aW)<\/p>\n<p>&nbsp;<\/p>\n<p><strong>Ingredientes:<\/strong> A\u00e7\u00facar, Xarope de Glucose, Farinha de Alfarroba, Amido de milho, Gelificante (Pectina), Conservante (Sorbato de Pot\u00e1ssio, Benzoato de S\u00f3dio), Regulador Acidez (\u00c1cido Citrico).<\/p>\n<p>&nbsp;<\/p>\n<p><strong>Informa\u00e7\u00e3o Nutricional<\/strong><\/p>\n<table style=\"height: 215px;\" width=\"551\">\n<tbody>\n<tr>\n<td width=\"233\"><\/td>\n<td width=\"233\">POR 100 g<\/td>\n<\/tr>\n<tr>\n<td width=\"233\">Valor Energ\u00e9tico\u00a0\u00a0\u00a0\u00a0\u00a0\u00a0\u00a0\u00a0 kcal<\/td>\n<td width=\"233\"><strong>241<\/strong><\/td>\n<\/tr>\n<tr>\n<td width=\"233\">\u00a0\u00a0\u00a0\u00a0\u00a0\u00a0\u00a0\u00a0\u00a0\u00a0\u00a0\u00a0\u00a0\u00a0\u00a0\u00a0\u00a0\u00a0\u00a0\u00a0\u00a0\u00a0\u00a0\u00a0\u00a0\u00a0\u00a0\u00a0\u00a0\u00a0\u00a0\u00a0\u00a0\u00a0\u00a0\u00a0\u00a0\u00a0\u00a0\u00a0\u00a0\u00a0 kJ<\/td>\n<td width=\"233\"><strong>1025<\/strong><\/td>\n<\/tr>\n<tr>\n<td width=\"233\">HIDRATOS DE CARBONO<\/td>\n<td width=\"233\"><strong>60,00<\/strong><\/td>\n<\/tr>\n<tr>\n<td width=\"233\">DOS QUAIS A\u00c7\u00daCARES<\/td>\n<td width=\"233\"><strong>48,00<\/strong><\/td>\n<\/tr>\n<tr>\n<td width=\"233\">L\u00cdPIDOS<\/td>\n<td width=\"233\"><strong>&lt;0,5<\/strong><\/td>\n<\/tr>\n<tr>\n<td width=\"233\">Ac. Gordos Saturados<\/td>\n<td width=\"233\"><strong>&lt;0,1<\/strong><\/td>\n<\/tr>\n<tr>\n<td width=\"233\">PROTE\u00cdNAS<\/td>\n<td width=\"233\"><strong>0,3<\/strong><\/td>\n<\/tr>\n<tr>\n<td width=\"233\">S\u00d3DIO<\/td>\n<td width=\"233\"><strong>0,03<\/strong><\/td>\n<\/tr>\n<\/tbody>\n<\/table>\n<p>&nbsp;<\/p>\n<p><strong>Embalagens \/ baldes:<\/strong> 650 gr || 4,5 kg || 14 kg<\/p>\n<p>&nbsp;<\/p>\n<p><strong>Modo de aplica\u00e7\u00e3o<\/strong><br \/>\nAplica\u00e7\u00e3o direta.<\/p>\n<p>&nbsp;<\/p>\n<p><strong>Aplica\u00e7\u00e3o<\/strong><br \/>\nUtiliza\u00e7\u00e3o global, tanto em Padaria como em Pastelaria mas tamb\u00e9m no dia-a-dia.<\/p>\n<p>Aplicar a quantidade suficiente para o efeito final desejado.<\/p>\n<p>Doces para todo o tipo de bolos, bolos folhadas, tartes, past\u00e9is, entremeios, bombons, entre outros.<\/p>\n<p>&nbsp;<\/p>\n<p><strong>Vantagens<\/strong><br \/>\nUtiliza\u00e7\u00e3o direta, r\u00e1pida e pr\u00e1tica da pr\u00f3pria embalagem.<\/p>\n<p>Elevado teor de fruta sendo percet\u00edveis peda\u00e7os de fruta com um rico e intenso.<\/p>\n<p>Elevada estabilidade \u00e0 congela\u00e7\u00e3o e \u00e0 cozedura dos produtos.<\/p>\n<p>\u00d3tima conserva\u00e7\u00e3o no produto acabado.<\/p>\n<p>&nbsp;<\/p>\n<p><strong>Outras informa\u00e7\u00f5es:<\/strong><\/p>\n<p>As quantidades de produtos dispon\u00edveis variam consoante as \u00e9pocas de produ\u00e7\u00e3o, as caracter\u00edsticas dos frutos e a disponibilidade dos mesmos.<\/p>\n<p>&nbsp;<\/p>","protected":false},"excerpt":{"rendered":"<p>Uma compota de caracter\u00edsticas \u00fanicas, vincada pelo inconfund\u00edvel sabor da alfarroba. A compota de Alfarroba DOCES CANDEIAS \u00e9 ideal para acompanhar panquecas, barrar tostas, ou rechear bolos e tartes que contenham laranja, am\u00eandoa, figo ou fios de ovos.<\/p>","protected":false},"featured_media":5522,"template":"","meta":[],"product_cat":[139],"product_tag":[],"class_list":{"0":"post-5200","1":"product","2":"type-product","3":"status-publish","4":"has-post-thumbnail","6":"product_cat-produtos-para-industria","8":"first","9":"instock","10":"taxable","11":"shipping-taxable","12":"product-type-simple"},"jetpack_sharing_enabled":true,"_links":{"self":[{"href":"http:\/\/docescandeias.pt\/en\/wp-json\/wp\/v2\/product\/5200","targetHints":{"allow":["GET"]}}],"collection":[{"href":"http:\/\/docescandeias.pt\/en\/wp-json\/wp\/v2\/product"}],"about":[{"href":"http:\/\/docescandeias.pt\/en\/wp-json\/wp\/v2\/types\/product"}],"wp:featuredmedia":[{"embeddable":true,"href":"http:\/\/docescandeias.pt\/en\/wp-json\/wp\/v2\/media\/5522"}],"wp:attachment":[{"href":"http:\/\/docescandeias.pt\/en\/wp-json\/wp\/v2\/media?parent=5200"}],"wp:term":[{"taxonomy":"product_cat","embeddable":true,"href":"http:\/\/docescandeias.pt\/en\/wp-json\/wp\/v2\/product_cat?post=5200"},{"taxonomy":"product_tag","embeddable":true,"href":"http:\/\/docescandeias.pt\/en\/wp-json\/wp\/v2\/product_tag?post=5200"}],"curies":[{"name":"wp","href":"https:\/\/api.w.org\/{rel}","templated":true}]}}