{"id":5329,"date":"2021-01-26T10:48:33","date_gmt":"2021-01-26T10:48:33","guid":{"rendered":"http:\/\/docescandeias.pt\/?post_type=product&#038;p=5329"},"modified":"2021-05-18T11:12:31","modified_gmt":"2021-05-18T10:12:31","slug":"doce-de-limao-gengibre-industrial","status":"publish","type":"product","link":"http:\/\/docescandeias.pt\/en\/product\/doce-de-limao-gengibre-industrial\/","title":{"rendered":"Doce de Lim\u00e3o &#038; Gengibre"},"content":{"rendered":"<p>Doce de fruta para utiliza\u00e7\u00e3o direta nos produtos, com elevado teor de fruta percet\u00edvel e homogeneamente distribu\u00edda.<\/p>\n<p>Recheios longa dura\u00e7\u00e3o (baixa aW)<\/p>\n<p>&nbsp;<\/p>\n<p><strong>Ingredientes:<\/strong> Courgette (64%), Lim\u00e3o (34%), Gengibre (2%), A\u00e7\u00facar, Gelificante (Pectina), Regulador Acidez (\u00c1cido Citrico), Conservante (Sorbato de Pot\u00e1ssio, Benzoato de S\u00f3dio).<\/p>\n<p>&nbsp;<\/p>\n<p><strong>Informa\u00e7\u00e3o Nutricional<\/strong><\/p>\n<table style=\"height: 215px;\" width=\"568\">\n<tbody>\n<tr>\n<td width=\"244\"><\/td>\n<td width=\"244\">POR 100 g<\/td>\n<\/tr>\n<tr>\n<td width=\"244\">Valor Energ\u00e9tico\u00a0\u00a0\u00a0\u00a0\u00a0\u00a0\u00a0\u00a0 kcal<\/td>\n<td width=\"244\"><strong>209<\/strong><\/td>\n<\/tr>\n<tr>\n<td width=\"244\">\u00a0\u00a0\u00a0\u00a0\u00a0\u00a0\u00a0\u00a0\u00a0\u00a0\u00a0\u00a0\u00a0\u00a0\u00a0\u00a0\u00a0\u00a0\u00a0\u00a0\u00a0\u00a0\u00a0\u00a0\u00a0\u00a0\u00a0\u00a0\u00a0\u00a0\u00a0 \u00a0\u00a0\u00a0\u00a0\u00a0\u00a0\u00a0\u00a0\u00a0\u00a0\u00a0kJ<\/td>\n<td width=\"244\"><strong>889<\/strong><\/td>\n<\/tr>\n<tr>\n<td width=\"244\">HIDRATOS DE CARBONO<\/td>\n<td width=\"244\"><strong>51,7<\/strong><\/td>\n<\/tr>\n<tr>\n<td width=\"244\">DOS QUAIS A\u00c7\u00daCARES<\/td>\n<td width=\"244\"><strong>50,7<\/strong><\/td>\n<\/tr>\n<tr>\n<td width=\"244\">L\u00cdPIDOS<\/td>\n<td width=\"244\"><strong>&lt;0,5<\/strong><\/td>\n<\/tr>\n<tr>\n<td width=\"244\">DOS QUAIS SATURADOS<\/td>\n<td width=\"244\"><strong>&lt;0,1<\/strong><\/td>\n<\/tr>\n<tr>\n<td width=\"244\">PROTE\u00cdNAS<\/td>\n<td width=\"244\"><strong>0,60<\/strong><\/td>\n<\/tr>\n<tr>\n<td width=\"244\">S\u00d3DIO<\/td>\n<td width=\"244\"><strong>0,03<\/strong><\/td>\n<\/tr>\n<\/tbody>\n<\/table>\n<p>&nbsp;<\/p>\n<p><strong>Embalagens \/ baldes:<\/strong> 650 gr || 4,5 kg || 14 kg<\/p>\n<p>&nbsp;<\/p>\n<p><strong>Modo de aplica\u00e7\u00e3o<\/strong><br \/>\nAplica\u00e7\u00e3o direta.<\/p>\n<p>&nbsp;<\/p>\n<p><strong>Aplica\u00e7\u00e3o<\/strong><br \/>\nUtiliza\u00e7\u00e3o global, tanto em Padaria como em Pastelaria mas tamb\u00e9m no dia-a-dia.<\/p>\n<p>Aplicar a quantidade suficiente para o efeito final desejado.<\/p>\n<p>Doces para todo o tipo de bolos, bolos folhadas, tartes, past\u00e9is, entremeios, bombons, entre outros.<\/p>\n<p>&nbsp;<\/p>\n<p><strong>Vantagens<\/strong><br \/>\nUtiliza\u00e7\u00e3o direta, r\u00e1pida e pr\u00e1tica da pr\u00f3pria embalagem.<\/p>\n<p>Elevado teor de fruta sendo percet\u00edveis peda\u00e7os de fruta com um rico e intenso.<\/p>\n<p>Elevada estabilidade \u00e0 congela\u00e7\u00e3o e \u00e0 cozedura dos produtos.<\/p>\n<p>\u00d3tima conserva\u00e7\u00e3o no produto acabado.<\/p>\n<p>&nbsp;<\/p>\n<p><strong>Outras informa\u00e7\u00f5es:<\/strong><\/p>\n<p>As quantidades de produtos dispon\u00edveis variam consoante as \u00e9pocas de produ\u00e7\u00e3o, as caracter\u00edsticas dos frutos e a disponibilidade dos mesmos.<\/p>","protected":false},"excerpt":{"rendered":"<p>A compota de lim\u00e3o &amp; gengibre DOCES CANDEIAS tem um sabor arrojado, fresco e c\u00edtrico que cria a combina\u00e7\u00e3o perfeita entre o lim\u00e3o e o gengibre. A escolha ideal para acompanhar torradas, ou para servir com uma t\u00e1bua de queijos variados. Surpreenda o seu paladar e use a criatividade para criar sobremesas com esta compota.<\/p>","protected":false},"featured_media":5450,"template":"","meta":[],"product_cat":[139],"product_tag":[],"class_list":{"0":"post-5329","1":"product","2":"type-product","3":"status-publish","4":"has-post-thumbnail","6":"product_cat-produtos-para-industria","8":"first","9":"instock","10":"taxable","11":"shipping-taxable","12":"product-type-simple"},"jetpack_sharing_enabled":true,"_links":{"self":[{"href":"http:\/\/docescandeias.pt\/en\/wp-json\/wp\/v2\/product\/5329","targetHints":{"allow":["GET"]}}],"collection":[{"href":"http:\/\/docescandeias.pt\/en\/wp-json\/wp\/v2\/product"}],"about":[{"href":"http:\/\/docescandeias.pt\/en\/wp-json\/wp\/v2\/types\/product"}],"wp:featuredmedia":[{"embeddable":true,"href":"http:\/\/docescandeias.pt\/en\/wp-json\/wp\/v2\/media\/5450"}],"wp:attachment":[{"href":"http:\/\/docescandeias.pt\/en\/wp-json\/wp\/v2\/media?parent=5329"}],"wp:term":[{"taxonomy":"product_cat","embeddable":true,"href":"http:\/\/docescandeias.pt\/en\/wp-json\/wp\/v2\/product_cat?post=5329"},{"taxonomy":"product_tag","embeddable":true,"href":"http:\/\/docescandeias.pt\/en\/wp-json\/wp\/v2\/product_tag?post=5329"}],"curies":[{"name":"wp","href":"https:\/\/api.w.org\/{rel}","templated":true}]}}