{"id":4983,"date":"2020-09-09T19:29:15","date_gmt":"2020-09-09T18:29:15","guid":{"rendered":"http:\/\/docescandeias.pt\/?post_type=product&#038;p=4983"},"modified":"2024-07-17T16:27:03","modified_gmt":"2024-07-17T15:27:03","slug":"doce-de-figo-da-india-e-palma","status":"publish","type":"product","link":"https:\/\/docescandeias.pt\/en\/product\/doce-de-figo-da-india-e-palma\/","title":{"rendered":"Doce de Figo da \u00cdndia &#038; Palma"},"content":{"rendered":"<p><strong>Ingredientes:<\/strong> Figo-da-\u00edndia, A\u00e7\u00facar, Polpa Folha da figueira-da-\u00edndia, Gelificante (Pectina), Regulador Acidez (\u00c1cido Citrico).<\/p>\n<p>&nbsp;<\/p>\n<p><strong>Informa\u00e7\u00e3o Nutricional<\/strong><\/p>\n<table style=\"height: 215px;\" width=\"500\">\n<tbody>\n<tr>\n<td width=\"240\"><\/td>\n<td width=\"240\">POR 100 g<\/td>\n<\/tr>\n<tr>\n<td width=\"240\">Valor Energ\u00e9tico\u00a0\u00a0\u00a0\u00a0\u00a0\u00a0\u00a0\u00a0 kcal<\/td>\n<td width=\"240\"><strong>213<\/strong><\/td>\n<\/tr>\n<tr>\n<td width=\"240\">\u00a0\u00a0\u00a0\u00a0\u00a0\u00a0\u00a0\u00a0\u00a0\u00a0\u00a0\u00a0\u00a0\u00a0\u00a0\u00a0\u00a0\u00a0\u00a0\u00a0\u00a0\u00a0\u00a0\u00a0\u00a0\u00a0\u00a0\u00a0\u00a0\u00a0\u00a0\u00a0\u00a0\u00a0\u00a0\u00a0\u00a0\u00a0\u00a0\u00a0\u00a0\u00a0 kJ<\/td>\n<td width=\"240\"><strong>891<\/strong><\/td>\n<\/tr>\n<tr>\n<td width=\"240\">HIDRATOS DE CARBONO<\/td>\n<td width=\"240\"><strong>52,68<\/strong><\/td>\n<\/tr>\n<tr>\n<td width=\"240\">DOS QUAIS A\u00c7\u00daCARES<\/td>\n<td width=\"240\"><strong>49,67<\/strong><\/td>\n<\/tr>\n<tr>\n<td width=\"240\">L\u00cdPIDOS<\/td>\n<td width=\"240\"><strong>&lt;0,00<\/strong><\/td>\n<\/tr>\n<tr>\n<td width=\"240\">DOS QUAIS SATURADOS<\/td>\n<td width=\"240\"><strong>&lt;0,00<\/strong><\/td>\n<\/tr>\n<tr>\n<td width=\"240\">FIBRA<\/td>\n<td width=\"240\"><strong>0,99<\/strong><\/td>\n<\/tr>\n<tr>\n<td width=\"240\">PROTE\u00cdNAS<\/td>\n<td width=\"240\"><strong>0,56<\/strong><\/td>\n<\/tr>\n<tr>\n<td width=\"240\">S\u00d3DIO<\/td>\n<td width=\"240\"><strong>0,00<\/strong><\/td>\n<\/tr>\n<\/tbody>\n<\/table>\n<p>&nbsp;<\/p>\n<p><strong>Tamanhos dispon\u00edveis:<\/strong> 250 gr<\/p>\n<p><strong>Validade:<\/strong> Aproximadamente 910 dias<\/p>\n<p><strong>Modo de conserva\u00e7\u00e3o:<\/strong> Conservar em local seco e fresco<\/p>\n<p><strong>Consumidores de risco:<\/strong> Pode ser consumido sem restri\u00e7\u00f5es<\/p>\n<p><strong>Embalagem<\/strong><br \/>\n&#8211; Peso Liquido: 250 gr<br \/>\n&#8211; Unidades por caixa: 12<\/p>\n<p>As quantidades de produtos dispon\u00edveis variam consoante as \u00e9pocas de produ\u00e7\u00e3o, as caracter\u00edsticas dos frutos e a disponibilidade dos mesmos.<\/p>\n<p>&nbsp;<\/p>","protected":false},"excerpt":{"rendered":"<p>Naturalmente produzido em terras alentejanas, o figo-da-\u00edndia prov\u00e9m culturas aut\u00f3ctones da Serra de Serpa. Possui um sabor requintado e \u00fanico sendo tamb\u00e9m muito saud\u00e1vel. O Doce de Figo-da-\u00cdndia <em>DOCES CANDEIAS<\/em> relembra sabores que ficam na mem\u00f3ria de quem o consome, por ser naturalmente doce e de textura suave. Arrisque a degust\u00e1-lo nas suas receitas mais surpreendentes ou simplesmente barrado no p\u00e3o ou tostas. Poder\u00e1 tamb\u00e9m acompanhar como sobremesa acompanhado com queijo fresco ou requeij\u00e3o.<\/p>","protected":false},"featured_media":5528,"template":"","meta":[],"product_cat":[138],"product_tag":[],"class_list":{"0":"post-4983","1":"product","2":"type-product","3":"status-publish","4":"has-post-thumbnail","6":"product_cat-doces-e-marmelada","8":"first","9":"instock","10":"taxable","11":"shipping-taxable","12":"product-type-simple"},"jetpack_sharing_enabled":true,"_links":{"self":[{"href":"https:\/\/docescandeias.pt\/en\/wp-json\/wp\/v2\/product\/4983","targetHints":{"allow":["GET"]}}],"collection":[{"href":"https:\/\/docescandeias.pt\/en\/wp-json\/wp\/v2\/product"}],"about":[{"href":"https:\/\/docescandeias.pt\/en\/wp-json\/wp\/v2\/types\/product"}],"wp:featuredmedia":[{"embeddable":true,"href":"https:\/\/docescandeias.pt\/en\/wp-json\/wp\/v2\/media\/5528"}],"wp:attachment":[{"href":"https:\/\/docescandeias.pt\/en\/wp-json\/wp\/v2\/media?parent=4983"}],"wp:term":[{"taxonomy":"product_cat","embeddable":true,"href":"https:\/\/docescandeias.pt\/en\/wp-json\/wp\/v2\/product_cat?post=4983"},{"taxonomy":"product_tag","embeddable":true,"href":"https:\/\/docescandeias.pt\/en\/wp-json\/wp\/v2\/product_tag?post=4983"}],"curies":[{"name":"wp","href":"https:\/\/api.w.org\/{rel}","templated":true}]}}