{"id":4990,"date":"2020-09-09T19:32:36","date_gmt":"2020-09-09T18:32:36","guid":{"rendered":"http:\/\/docescandeias.pt\/?post_type=product&#038;p=4990"},"modified":"2024-07-17T16:27:57","modified_gmt":"2024-07-17T15:27:57","slug":"doce-de-ameixa-e-canela","status":"publish","type":"product","link":"https:\/\/docescandeias.pt\/en\/product\/doce-de-ameixa-e-canela\/","title":{"rendered":"Doce Extra de Ameixa &#038; Canela"},"content":{"rendered":"<p><strong>Ingredientes:<\/strong> Ameixa, A\u00e7\u00facar, Gelificante (Pectina), Regulador Acidez (\u00c1cido Citrico), Canela.<\/p>\n<p>&nbsp;<\/p>\n<p><strong>Informa\u00e7\u00e3o Nutricional<\/strong><\/p>\n<table style=\"height: 215px;\" width=\"552\">\n<tbody>\n<tr>\n<td width=\"240\"><\/td>\n<td width=\"240\">POR 100 g<\/td>\n<\/tr>\n<tr>\n<td width=\"240\">Valor Energ\u00e9tico\u00a0\u00a0\u00a0\u00a0\u00a0\u00a0\u00a0\u00a0 kcal<\/td>\n<td width=\"240\"><strong>222<\/strong><\/td>\n<\/tr>\n<tr>\n<td width=\"240\">\u00a0\u00a0\u00a0\u00a0\u00a0\u00a0\u00a0\u00a0\u00a0\u00a0\u00a0\u00a0 \u00a0\u00a0\u00a0\u00a0\u00a0\u00a0\u00a0\u00a0\u00a0\u00a0\u00a0\u00a0\u00a0\u00a0\u00a0\u00a0\u00a0\u00a0\u00a0\u00a0\u00a0\u00a0\u00a0\u00a0\u00a0\u00a0\u00a0\u00a0\u00a0\u00a0kJ<\/td>\n<td width=\"240\"><strong>928<\/strong><\/td>\n<\/tr>\n<tr>\n<td width=\"240\">HIDRATOS DE CARBONO<\/td>\n<td width=\"240\"><strong>54,78<\/strong><\/td>\n<\/tr>\n<tr>\n<td width=\"240\">DOS QUAIS A\u00c7\u00daCARES<\/td>\n<td width=\"240\"><strong>44,32<\/strong><\/td>\n<\/tr>\n<tr>\n<td width=\"240\">L\u00cdPIDOS<\/td>\n<td width=\"240\"><strong>0,02<\/strong><\/td>\n<\/tr>\n<tr>\n<td width=\"240\">DOS QUAIS SATURADOS<\/td>\n<td width=\"240\"><strong>&lt;0,02<\/strong><\/td>\n<\/tr>\n<tr>\n<td width=\"240\">FIBRA<\/td>\n<td width=\"240\"><strong>0,68<\/strong><\/td>\n<\/tr>\n<tr>\n<td width=\"240\">PROTE\u00cdNAS<\/td>\n<td width=\"240\"><strong>0,60<\/strong><\/td>\n<\/tr>\n<tr>\n<td width=\"240\">S\u00d3DIO<\/td>\n<td width=\"240\"><strong>&lt;0,01<\/strong><\/td>\n<\/tr>\n<\/tbody>\n<\/table>\n<p>&nbsp;<\/p>\n<p><strong>Tamanhos dispon\u00edveis:<\/strong> 250 gr<\/p>\n<p><strong>Validade:<\/strong> Aproximadamente 910 dias<\/p>\n<p><strong>Modo de conserva\u00e7\u00e3o:<\/strong> Conservar em local seco e fresco<\/p>\n<p><strong>Consumidores de risco:<\/strong> Pode ser consumido sem restri\u00e7\u00f5es<\/p>\n<p><strong>Embalagem<\/strong><br \/>\n&#8211; Peso Liquido: 250 gr<br \/>\n&#8211; Unidades por caixa: 12<\/p>\n<p>As quantidades de produtos dispon\u00edveis variam consoante as \u00e9pocas de produ\u00e7\u00e3o, as caracter\u00edsticas dos frutos e a disponibilidade dos mesmos.<\/p>\n<p>&nbsp;<\/p>","protected":false},"excerpt":{"rendered":"<p>Uma compota de caracter\u00edstica \u00e1cida, textura homog\u00e9nea e de sabor agrad\u00e1vel. As ameixas de excelente qualidade, proveem de produtores locais. A canela, de aroma intenso e sabor quente, levemente acre e adstringente no in\u00edcio, que depois se transforma em doce e subtilmente suave. A compota de Ameixa &amp; Canela <em>DOCES CANDEIAS<\/em> pode ser utilizado como sobremesa para barrar em tostas ou p\u00e3o tipo Alentejano e tamb\u00e9m para acompanhar carnes assadas.<\/p>","protected":false},"featured_media":5524,"template":"","meta":[],"product_cat":[138],"product_tag":[],"class_list":{"0":"post-4990","1":"product","2":"type-product","3":"status-publish","4":"has-post-thumbnail","6":"product_cat-doces-e-marmelada","8":"first","9":"instock","10":"taxable","11":"shipping-taxable","12":"product-type-simple"},"jetpack_sharing_enabled":true,"_links":{"self":[{"href":"https:\/\/docescandeias.pt\/en\/wp-json\/wp\/v2\/product\/4990","targetHints":{"allow":["GET"]}}],"collection":[{"href":"https:\/\/docescandeias.pt\/en\/wp-json\/wp\/v2\/product"}],"about":[{"href":"https:\/\/docescandeias.pt\/en\/wp-json\/wp\/v2\/types\/product"}],"wp:featuredmedia":[{"embeddable":true,"href":"https:\/\/docescandeias.pt\/en\/wp-json\/wp\/v2\/media\/5524"}],"wp:attachment":[{"href":"https:\/\/docescandeias.pt\/en\/wp-json\/wp\/v2\/media?parent=4990"}],"wp:term":[{"taxonomy":"product_cat","embeddable":true,"href":"https:\/\/docescandeias.pt\/en\/wp-json\/wp\/v2\/product_cat?post=4990"},{"taxonomy":"product_tag","embeddable":true,"href":"https:\/\/docescandeias.pt\/en\/wp-json\/wp\/v2\/product_tag?post=4990"}],"curies":[{"name":"wp","href":"https:\/\/api.w.org\/{rel}","templated":true}]}}