{"id":5202,"date":"2020-11-13T21:39:24","date_gmt":"2020-11-13T21:39:24","guid":{"rendered":"http:\/\/docescandeias.pt\/?post_type=product&#038;p=5202"},"modified":"2021-05-11T15:36:17","modified_gmt":"2021-05-11T14:36:17","slug":"doce-de-limao-e-gengibre","status":"publish","type":"product","link":"https:\/\/docescandeias.pt\/en\/product\/doce-de-limao-e-gengibre\/","title":{"rendered":"Doce de Lim\u00e3o &#038; Gengibre"},"content":{"rendered":"<p><strong>Ingredientes:<\/strong> Courgette (64%), Lim\u00e3o (34%), Gengibre (2%), A\u00e7\u00facar, Gelificante (Pectina), Regulador Acidez (\u00c1cido Citrico).<\/p>\n<p>&nbsp;<\/p>\n<p><strong>Informa\u00e7\u00e3o Nutricional<\/strong><\/p>\n<table style=\"height: 215px;\" width=\"537\">\n<tbody>\n<tr>\n<td width=\"244\"><\/td>\n<td width=\"244\">POR 100 g<\/td>\n<\/tr>\n<tr>\n<td width=\"244\">Valor Energ\u00e9tico\u00a0\u00a0\u00a0\u00a0\u00a0\u00a0\u00a0\u00a0 kcal<\/td>\n<td width=\"244\"><strong>209<\/strong><\/td>\n<\/tr>\n<tr>\n<td width=\"244\">\u00a0\u00a0\u00a0\u00a0\u00a0\u00a0\u00a0\u00a0\u00a0\u00a0\u00a0\u00a0\u00a0\u00a0\u00a0\u00a0\u00a0\u00a0\u00a0\u00a0\u00a0\u00a0\u00a0\u00a0\u00a0\u00a0\u00a0\u00a0\u00a0\u00a0\u00a0\u00a0\u00a0\u00a0\u00a0\u00a0\u00a0\u00a0\u00a0\u00a0\u00a0\u00a0 kJ<\/td>\n<td width=\"244\"><strong>889<\/strong><\/td>\n<\/tr>\n<tr>\n<td width=\"244\">HIDRATOS DE CARBONO<\/td>\n<td width=\"244\"><strong>51,7<\/strong><\/td>\n<\/tr>\n<tr>\n<td width=\"244\">DOS QUAIS A\u00c7\u00daCARES<\/td>\n<td width=\"244\"><strong>50,7<\/strong><\/td>\n<\/tr>\n<tr>\n<td width=\"244\">L\u00cdPIDOS<\/td>\n<td width=\"244\"><strong>&lt;0,5<\/strong><\/td>\n<\/tr>\n<tr>\n<td width=\"244\">DOS QUAIS SATURADOS<\/td>\n<td width=\"244\"><strong>&lt;0,1<\/strong><\/td>\n<\/tr>\n<tr>\n<td width=\"244\">PROTE\u00cdNAS<\/td>\n<td width=\"244\"><strong>0,60<\/strong><\/td>\n<\/tr>\n<tr>\n<td width=\"244\">S\u00d3DIO<\/td>\n<td width=\"244\"><strong>0,03<\/strong><\/td>\n<\/tr>\n<\/tbody>\n<\/table>\n<p>&nbsp;<\/p>\n<p><strong>Tamanhos dispon\u00edveis:<\/strong> 250 gr<\/p>\n<p><strong>Validade:<\/strong> Aproximadamente 910 dias<\/p>\n<p><strong>Modo de conserva\u00e7\u00e3o:<\/strong> Conservar em local seco e fresco<\/p>\n<p><strong>Consumidores de risco:<\/strong> Pode ser consumido sem restri\u00e7\u00f5es<\/p>\n<p><strong>Embalagem<\/strong><br \/>\n&#8211; Peso Liquido: 250 gr<br \/>\n&#8211; Unidades por caixa: 12<\/p>\n<p>As quantidades de produtos dispon\u00edveis variam consoante as \u00e9pocas de produ\u00e7\u00e3o, as caracter\u00edsticas dos frutos e a disponibilidade dos mesmos.<\/p>\n<p>&nbsp;<\/p>","protected":false},"excerpt":{"rendered":"<p>A compota de lim\u00e3o &amp; gengibre DOCES CANDEIAS tem um sabor arrojado, fresco e c\u00edtrico que cria a combina\u00e7\u00e3o perfeita entre o lim\u00e3o e o gengibre. A escolha ideal para acompanhar torradas, ou para servir com uma t\u00e1bua de queijos variados. Surpreenda o seu paladar e use a criatividade para criar sobremesas com esta compota.<\/p>","protected":false},"featured_media":5302,"template":"","meta":[],"product_cat":[138],"product_tag":[],"class_list":{"0":"post-5202","1":"product","2":"type-product","3":"status-publish","4":"has-post-thumbnail","6":"product_cat-doces-e-marmelada","8":"first","9":"instock","10":"taxable","11":"shipping-taxable","12":"product-type-simple"},"jetpack_sharing_enabled":true,"_links":{"self":[{"href":"https:\/\/docescandeias.pt\/en\/wp-json\/wp\/v2\/product\/5202","targetHints":{"allow":["GET"]}}],"collection":[{"href":"https:\/\/docescandeias.pt\/en\/wp-json\/wp\/v2\/product"}],"about":[{"href":"https:\/\/docescandeias.pt\/en\/wp-json\/wp\/v2\/types\/product"}],"wp:featuredmedia":[{"embeddable":true,"href":"https:\/\/docescandeias.pt\/en\/wp-json\/wp\/v2\/media\/5302"}],"wp:attachment":[{"href":"https:\/\/docescandeias.pt\/en\/wp-json\/wp\/v2\/media?parent=5202"}],"wp:term":[{"taxonomy":"product_cat","embeddable":true,"href":"https:\/\/docescandeias.pt\/en\/wp-json\/wp\/v2\/product_cat?post=5202"},{"taxonomy":"product_tag","embeddable":true,"href":"https:\/\/docescandeias.pt\/en\/wp-json\/wp\/v2\/product_tag?post=5202"}],"curies":[{"name":"wp","href":"https:\/\/api.w.org\/{rel}","templated":true}]}}