{"id":5325,"date":"2021-01-27T10:28:55","date_gmt":"2021-01-27T10:28:55","guid":{"rendered":"http:\/\/docescandeias.pt\/?post_type=product&#038;p=5325"},"modified":"2021-05-18T11:10:56","modified_gmt":"2021-05-18T10:10:56","slug":"doce-de-abobora-industria","status":"publish","type":"product","link":"https:\/\/docescandeias.pt\/en\/product\/doce-de-abobora-industria\/","title":{"rendered":"Doce de Ab\u00f3bora"},"content":{"rendered":"<p>Doce de fruta para utiliza\u00e7\u00e3o direta nos produtos, com elevado teor de fruta percet\u00edvel e homogeneamente distribu\u00edda.<\/p>\n<p>Recheios longa dura\u00e7\u00e3o (baixa aW)<\/p>\n<p>&nbsp;<\/p>\n<p><strong>Ingredientes:<\/strong> Ab\u00f3bora, A\u00e7\u00facar, Xarope de Glucose, Gelificante (Pectina), Conservante (Sorbato de Pot\u00e1ssio, Benzoato de S\u00f3dio), Regulador Acidez (\u00c1cido Citrico), Canela.<\/p>\n<p>&nbsp;<\/p>\n<p><strong>Informa\u00e7\u00e3o Nutricional<\/strong><\/p>\n<table style=\"height: 215px;\" width=\"554\">\n<tbody>\n<tr>\n<td width=\"241\"><\/td>\n<td width=\"241\">POR 100 g<\/td>\n<\/tr>\n<tr>\n<td width=\"241\">ENERGIA\u00a0\u00a0\u00a0\u00a0\u00a0\u00a0\u00a0\u00a0\u00a0\u00a0\u00a0\u00a0\u00a0\u00a0\u00a0\u00a0\u00a0\u00a0\u00a0\u00a0\u00a0\u00a0 kcal<\/td>\n<td width=\"241\"><strong>220<\/strong><\/td>\n<\/tr>\n<tr>\n<td width=\"241\">\u00a0\u00a0\u00a0\u00a0\u00a0\u00a0\u00a0\u00a0\u00a0\u00a0\u00a0\u00a0\u00a0\u00a0\u00a0\u00a0\u00a0\u00a0\u00a0\u00a0\u00a0\u00a0\u00a0\u00a0\u00a0\u00a0\u00a0\u00a0\u00a0\u00a0\u00a0\u00a0\u00a0\u00a0\u00a0\u00a0\u00a0\u00a0\u00a0\u00a0 kJ<\/td>\n<td width=\"241\"><strong>919<\/strong><\/td>\n<\/tr>\n<tr>\n<td width=\"241\">HIDRATOS DE CARBONO<\/td>\n<td width=\"241\"><strong>54,58<\/strong><\/td>\n<\/tr>\n<tr>\n<td width=\"241\">DOS QUAIS A\u00c7\u00daCARES<\/td>\n<td width=\"241\"><strong>48,96<\/strong><\/td>\n<\/tr>\n<tr>\n<td width=\"241\">L\u00cdPIDOS<\/td>\n<td width=\"241\"><strong>0,01<\/strong><\/td>\n<\/tr>\n<tr>\n<td width=\"241\">DOS QUAIS SATURADOS<\/td>\n<td width=\"241\"><strong>&lt; 0,01<\/strong><\/td>\n<\/tr>\n<tr>\n<td width=\"241\">FIBRA<\/td>\n<td width=\"241\"><strong>1,12<\/strong><\/td>\n<\/tr>\n<tr>\n<td width=\"241\">PROTE\u00cdNAS<\/td>\n<td width=\"241\"><strong>0,33<\/strong><\/td>\n<\/tr>\n<tr>\n<td width=\"241\">S\u00d3DIO<\/td>\n<td width=\"241\"><strong>&lt; 0,1<\/strong><\/td>\n<\/tr>\n<\/tbody>\n<\/table>\n<p>&nbsp;<\/p>\n<p><strong>Embalagens \/ baldes:<\/strong> 650 gr || 4,5 kg || 14 kg<\/p>\n<p>&nbsp;<\/p>\n<p><strong>Modo de aplica\u00e7\u00e3o<\/strong><br \/>\nAplica\u00e7\u00e3o direta.<\/p>\n<p>&nbsp;<\/p>\n<p><strong>Aplica\u00e7\u00e3o<\/strong><br \/>\nUtiliza\u00e7\u00e3o global, tanto em Padaria como em Pastelaria mas tamb\u00e9m no dia-a-dia.<\/p>\n<p>Aplicar a quantidade suficiente para o efeito final desejado.<\/p>\n<p>Doces para todo o tipo de bolos, bolos folhadas, tartes, past\u00e9is, entremeios, bombons, entre outros.<\/p>\n<p>&nbsp;<\/p>\n<p><strong>Vantagens<\/strong><br \/>\nUtiliza\u00e7\u00e3o direta, r\u00e1pida e pr\u00e1tica da pr\u00f3pria embalagem.<\/p>\n<p>Elevado teor de fruta sendo percet\u00edveis peda\u00e7os de fruta com um rico e intenso.<\/p>\n<p>Elevada estabilidade \u00e0 congela\u00e7\u00e3o e \u00e0 cozedura dos produtos.<\/p>\n<p>\u00d3tima conserva\u00e7\u00e3o no produto acabado.<\/p>\n<p>&nbsp;<\/p>\n<p><strong>Outras informa\u00e7\u00f5es:<\/strong><\/p>\n<p>As quantidades de produtos dispon\u00edveis variam consoante as \u00e9pocas de produ\u00e7\u00e3o, as caracter\u00edsticas dos frutos e a disponibilidade dos mesmos.<\/p>\n<p>&nbsp;<\/p>","protected":false},"excerpt":{"rendered":"<p>Bastante apreciado pela suavidade da sua do\u00e7ura e persist\u00eancia no paladar, relembra sabores que ficam na mem\u00f3ria de quem o consome.<\/p>\n<p>O Doce de Ab\u00f3bora <em>DOCES CANDEIAS<\/em> \u00e9 ideal para o pequeno-almo\u00e7o ou refei\u00e7\u00f5es ligeiras, barrado em torradas ou como sobremesa acompanhado com queijo fresco ou requeij\u00e3o. Arrisque degust\u00e1-lo junto com carnes curadas e fumadas.<\/p>","protected":false},"featured_media":5447,"template":"","meta":[],"product_cat":[139],"product_tag":[],"class_list":{"0":"post-5325","1":"product","2":"type-product","3":"status-publish","4":"has-post-thumbnail","6":"product_cat-produtos-para-industria","8":"first","9":"instock","10":"taxable","11":"shipping-taxable","12":"product-type-simple"},"jetpack_sharing_enabled":true,"_links":{"self":[{"href":"https:\/\/docescandeias.pt\/en\/wp-json\/wp\/v2\/product\/5325","targetHints":{"allow":["GET"]}}],"collection":[{"href":"https:\/\/docescandeias.pt\/en\/wp-json\/wp\/v2\/product"}],"about":[{"href":"https:\/\/docescandeias.pt\/en\/wp-json\/wp\/v2\/types\/product"}],"wp:featuredmedia":[{"embeddable":true,"href":"https:\/\/docescandeias.pt\/en\/wp-json\/wp\/v2\/media\/5447"}],"wp:attachment":[{"href":"https:\/\/docescandeias.pt\/en\/wp-json\/wp\/v2\/media?parent=5325"}],"wp:term":[{"taxonomy":"product_cat","embeddable":true,"href":"https:\/\/docescandeias.pt\/en\/wp-json\/wp\/v2\/product_cat?post=5325"},{"taxonomy":"product_tag","embeddable":true,"href":"https:\/\/docescandeias.pt\/en\/wp-json\/wp\/v2\/product_tag?post=5325"}],"curies":[{"name":"wp","href":"https:\/\/api.w.org\/{rel}","templated":true}]}}