{"id":5333,"date":"2021-01-26T11:38:48","date_gmt":"2021-01-26T11:38:48","guid":{"rendered":"http:\/\/docescandeias.pt\/?post_type=product&#038;p=5333"},"modified":"2021-05-18T11:11:52","modified_gmt":"2021-05-18T10:11:52","slug":"marmelada-extra-de-marmelo-industria","status":"publish","type":"product","link":"https:\/\/docescandeias.pt\/en\/product\/marmelada-extra-de-marmelo-industria\/","title":{"rendered":"Marmelada Extra de Marmelo"},"content":{"rendered":"<p><strong>Ingredientes:<\/strong> Marmelo, A\u00e7\u00facar, Xarope de Glucose, Conservante (Sorbato de Pot\u00e1ssio, Benzoato de S\u00f3dio), Regulador de Acidez (\u00c1cido C\u00edtrico), Canela.<\/p>\n<p>&nbsp;<\/p>\n<p><strong>Informa\u00e7\u00e3o Nutricional:<\/strong><\/p>\n<table style=\"height: 215px;\" width=\"726\">\n<tbody>\n<tr>\n<td width=\"240\"><\/td>\n<td width=\"240\">POR 100 g<\/td>\n<\/tr>\n<tr>\n<td width=\"240\">Valor Energ\u00e9tico\u00a0\u00a0\u00a0\u00a0\u00a0\u00a0\u00a0\u00a0 kcal<\/td>\n<td width=\"240\"><strong>272<\/strong><\/td>\n<\/tr>\n<tr>\n<td width=\"240\">\u00a0\u00a0\u00a0\u00a0\u00a0\u00a0\u00a0\u00a0\u00a0\u00a0\u00a0\u00a0\u00a0\u00a0\u00a0\u00a0\u00a0\u00a0\u00a0\u00a0\u00a0\u00a0\u00a0\u00a0\u00a0\u00a0\u00a0\u00a0\u00a0\u00a0\u00a0\u00a0\u00a0\u00a0\u00a0\u00a0\u00a0\u00a0\u00a0\u00a0\u00a0\u00a0 kJ<\/td>\n<td width=\"240\"><strong>1154<\/strong><\/td>\n<\/tr>\n<tr>\n<td width=\"240\">HIDRATOS DE CARBONO<\/td>\n<td width=\"240\"><strong>67,9<\/strong><\/td>\n<\/tr>\n<tr>\n<td width=\"240\">DOS QUAIS A\u00c7\u00daCARES<\/td>\n<td width=\"240\"><strong>54,2<\/strong><\/td>\n<\/tr>\n<tr>\n<td width=\"240\">L\u00cdPIDOS<\/td>\n<td width=\"240\"><strong>&lt;0,5<\/strong><\/td>\n<\/tr>\n<tr>\n<td width=\"240\">DOS QUAIS SATURADOS<\/td>\n<td width=\"240\"><strong>&lt;0,1<\/strong><\/td>\n<\/tr>\n<tr>\n<td width=\"240\">PROTE\u00cdNAS<\/td>\n<td width=\"240\"><strong>&lt;0,3<\/strong><\/td>\n<\/tr>\n<tr>\n<td width=\"240\">S\u00d3DIO<\/td>\n<td width=\"240\"><strong>0,03<\/strong><\/td>\n<\/tr>\n<\/tbody>\n<\/table>\n<p>&nbsp;<\/p>\n<p><strong>Tamanhos dispon\u00edveis:<\/strong> Caixas retangular de 450 gr \/ Caixas Redonda de 550 gr \/ Tabuleiro de 5,5 kg<\/p>\n<p><strong>Validade:<\/strong> aproximadamente 910 dias<\/p>\n<p><strong>Outras informa\u00e7\u00f5es:<\/strong> as quantidades de produtos dispon\u00edveis variam consoante as \u00e9pocas de produ\u00e7\u00e3o, as caracter\u00edsticas dos frutos e a disponibilidade dos mesmos.<\/p>","protected":false},"excerpt":{"rendered":"<p>O t\u00edpico doce de marmelo com o sabor \u00fanico DOCES CANDEIAS. Extremamente vers\u00e1til, \u00e9 ideal para rechear bolachas, para acompanhar tostas com queijo brie ou criar as mais diversas sobremesas, tais como folhados, tartes e semifrios.<\/p>","protected":false},"featured_media":5451,"template":"","meta":[],"product_cat":[139],"product_tag":[],"class_list":{"0":"post-5333","1":"product","2":"type-product","3":"status-publish","4":"has-post-thumbnail","6":"product_cat-produtos-para-industria","8":"first","9":"instock","10":"taxable","11":"shipping-taxable","12":"product-type-simple"},"jetpack_sharing_enabled":true,"_links":{"self":[{"href":"https:\/\/docescandeias.pt\/en\/wp-json\/wp\/v2\/product\/5333","targetHints":{"allow":["GET"]}}],"collection":[{"href":"https:\/\/docescandeias.pt\/en\/wp-json\/wp\/v2\/product"}],"about":[{"href":"https:\/\/docescandeias.pt\/en\/wp-json\/wp\/v2\/types\/product"}],"wp:featuredmedia":[{"embeddable":true,"href":"https:\/\/docescandeias.pt\/en\/wp-json\/wp\/v2\/media\/5451"}],"wp:attachment":[{"href":"https:\/\/docescandeias.pt\/en\/wp-json\/wp\/v2\/media?parent=5333"}],"wp:term":[{"taxonomy":"product_cat","embeddable":true,"href":"https:\/\/docescandeias.pt\/en\/wp-json\/wp\/v2\/product_cat?post=5333"},{"taxonomy":"product_tag","embeddable":true,"href":"https:\/\/docescandeias.pt\/en\/wp-json\/wp\/v2\/product_tag?post=5333"}],"curies":[{"name":"wp","href":"https:\/\/api.w.org\/{rel}","templated":true}]}}