{"id":5533,"date":"2020-11-11T16:36:35","date_gmt":"2020-11-11T16:36:35","guid":{"rendered":"https:\/\/docescandeias.pt\/?post_type=product&#038;p=5533"},"modified":"2024-07-17T16:47:33","modified_gmt":"2024-07-17T15:47:33","slug":"doce-de-morango-industria","status":"publish","type":"product","link":"https:\/\/docescandeias.pt\/en\/product\/doce-de-morango-industria\/","title":{"rendered":"Doce de Morango"},"content":{"rendered":"<p>Doce de fruta para utiliza\u00e7\u00e3o direta nos produtos, com elevado teor de fruta percet\u00edvel e homogeneamente distribu\u00edda.<br \/>\nRecheios longa dura\u00e7\u00e3o (baixa aW)<\/p>\n<p><strong>Ingredientes:<\/strong> Morango, A\u00e7\u00facar, Gelificante (Pectina), Regulador Acidez (\u00c1cido Citrico), Canela.<\/p>\n<p><strong>Informa\u00e7\u00e3o Nutricional<\/strong><\/p>\n<table style=\"height: 215px;\" width=\"554\">\n<tbody>\n<tr>\n<td width=\"240\"><\/td>\n<td width=\"240\">POR 100 g<\/td>\n<\/tr>\n<tr>\n<td width=\"240\">Valor Energ\u00e9tico\u00a0\u00a0\u00a0\u00a0\u00a0\u00a0\u00a0\u00a0 kcal<\/td>\n<td width=\"240\"><strong>241<\/strong><\/td>\n<\/tr>\n<tr>\n<td width=\"240\">\u00a0\u00a0\u00a0\u00a0\u00a0\u00a0\u00a0\u00a0\u00a0\u00a0\u00a0\u00a0\u00a0\u00a0\u00a0\u00a0\u00a0\u00a0\u00a0\u00a0\u00a0\u00a0\u00a0\u00a0\u00a0\u00a0\u00a0\u00a0\u00a0\u00a0\u00a0\u00a0\u00a0\u00a0\u00a0\u00a0\u00a0\u00a0\u00a0\u00a0\u00a0\u00a0 kJ<\/td>\n<td width=\"240\"><strong>1007<\/strong><\/td>\n<\/tr>\n<tr>\n<td width=\"240\">HIDRATOS DE CARBONO<\/td>\n<td width=\"240\"><strong>60,30<\/strong><\/td>\n<\/tr>\n<tr>\n<td width=\"240\">DOS QUAIS A\u00c7\u00daCARES<\/td>\n<td width=\"240\"><strong>59,40<\/strong><\/td>\n<\/tr>\n<tr>\n<td width=\"240\">L\u00cdPIDOS<\/td>\n<td width=\"240\"><strong>0,10<\/strong><\/td>\n<\/tr>\n<tr>\n<td width=\"240\">DOS QUAIS SATURADOS<\/td>\n<td width=\"240\"><strong>&lt;0,1<\/strong><\/td>\n<\/tr>\n<tr>\n<td width=\"240\">FIBRA<\/td>\n<td width=\"240\"><strong>0,90<\/strong><\/td>\n<\/tr>\n<tr>\n<td width=\"240\">PROTE\u00cdNAS<\/td>\n<td width=\"240\"><strong>0,90<\/strong><\/td>\n<\/tr>\n<tr>\n<td width=\"240\">S\u00d3DIO<\/td>\n<td width=\"240\"><strong>0,02<\/strong><\/p>\n<p>&nbsp;<\/td>\n<\/tr>\n<\/tbody>\n<\/table>\n<p>&nbsp;<\/p>\n<p><strong>Embalagens \/ baldes:<\/strong> 650 gr || 4,5 kg || 14 kg<\/p>\n<p><strong>Modo de aplica\u00e7\u00e3o<\/strong><br \/>\nAplica\u00e7\u00e3o direta.<\/p>\n<p><strong>Aplica\u00e7\u00e3o<\/strong><br \/>\nUtiliza\u00e7\u00e3o global, tanto em Padaria como em Pastelaria mas tamb\u00e9m no dia-a-dia.<br \/>\nAplicar a quantidade suficiente para o efeito final desejado.<br \/>\nDoces para todo o tipo de bolos, bolos folhadas, tartes, past\u00e9is, entremeios, bombons, entre outros.<\/p>\n<p>&nbsp;<\/p>\n<p><strong>Vantagens<\/strong><br \/>\nUtiliza\u00e7\u00e3o direta, r\u00e1pida e pr\u00e1tica da pr\u00f3pria embalagem.<br \/>\nElevado teor de fruta sendo percet\u00edveis peda\u00e7os de fruta com um rico e intenso.<br \/>\nElevada estabilidade \u00e0 congela\u00e7\u00e3o e \u00e0 cozedura dos produtos.<br \/>\n\u00d3tima conserva\u00e7\u00e3o no produto acabado.<\/p>\n<p>&nbsp;<\/p>\n<p><strong>Outras informa\u00e7\u00f5es:<br \/>\n<\/strong>As quantidades de produtos dispon\u00edveis variam consoante as \u00e9pocas de produ\u00e7\u00e3o, as caracter\u00edsticas dos frutos e a disponibilidade dos mesmos.<\/p>\n<p>&nbsp;<\/p>","protected":false},"excerpt":{"rendered":"<p>De paladar suave e ligeiro, o doce de morango <em>DOCES CANDEIAS<\/em>, d\u00e1 um toque criativo e saboroso aos seus bolos de chocolate, iogurtes naturais e gelados. Elaborado com os melhores frutos da \u00e9poca, este doce transmite um sabor requintado e \u00fanico sendo tamb\u00e9m muito saud\u00e1vel.<\/p>","protected":false},"featured_media":5534,"template":"","meta":[],"product_cat":[139],"product_tag":[],"class_list":{"0":"post-5533","1":"product","2":"type-product","3":"status-publish","4":"has-post-thumbnail","6":"product_cat-produtos-para-industria","8":"first","9":"instock","10":"taxable","11":"shipping-taxable","12":"product-type-simple"},"jetpack_sharing_enabled":true,"_links":{"self":[{"href":"https:\/\/docescandeias.pt\/en\/wp-json\/wp\/v2\/product\/5533","targetHints":{"allow":["GET"]}}],"collection":[{"href":"https:\/\/docescandeias.pt\/en\/wp-json\/wp\/v2\/product"}],"about":[{"href":"https:\/\/docescandeias.pt\/en\/wp-json\/wp\/v2\/types\/product"}],"wp:featuredmedia":[{"embeddable":true,"href":"https:\/\/docescandeias.pt\/en\/wp-json\/wp\/v2\/media\/5534"}],"wp:attachment":[{"href":"https:\/\/docescandeias.pt\/en\/wp-json\/wp\/v2\/media?parent=5533"}],"wp:term":[{"taxonomy":"product_cat","embeddable":true,"href":"https:\/\/docescandeias.pt\/en\/wp-json\/wp\/v2\/product_cat?post=5533"},{"taxonomy":"product_tag","embeddable":true,"href":"https:\/\/docescandeias.pt\/en\/wp-json\/wp\/v2\/product_tag?post=5533"}],"curies":[{"name":"wp","href":"https:\/\/api.w.org\/{rel}","templated":true}]}}